{"id":742,"date":"2020-11-01T23:56:48","date_gmt":"2020-11-01T22:56:48","guid":{"rendered":"https:\/\/www.oeda.eu\/?page_id=742"},"modified":"2023-09-06T17:01:37","modified_gmt":"2023-09-06T15:01:37","slug":"links","status":"publish","type":"page","link":"https:\/\/www.oeda.eu\/en\/links\/","title":{"rendered":"Links"},"content":{"rendered":"<style>.wp-block-kadence-advancedheading.kt-adv-heading_7b6691-bd, .wp-block-kadence-advancedheading.kt-adv-heading_7b6691-bd[data-kb-block=\"kb-adv-heading_7b6691-bd\"]{margin-top:1px;font-weight:400;font-style:normal;font-family:'Work Sans';}.wp-block-kadence-advancedheading.kt-adv-heading_7b6691-bd mark, .wp-block-kadence-advancedheading.kt-adv-heading_7b6691-bd[data-kb-block=\"kb-adv-heading_7b6691-bd\"] mark{font-style:normal;color:#f76a0c;padding-top:0px;padding-right:0px;padding-bottom:0px;padding-left:0px;}<\/style>\n<h2 class=\"kt-adv-heading_7b6691-bd wp-block-kadence-advancedheading\" data-kb-block=\"kb-adv-heading_7b6691-bd\">Organisation<\/h2>\n\n\n\n<p>Federal Ministry of Defence<br><a href=\"http:\/\/www.bmlv.gv.at\" target=\"_blank\" rel=\"noreferrer noopener\">www.bmlv.gv.at<\/a><\/p>\n\n\n\n<p>Friends of Carinthian Police<br><a href=\"http:\/\/www.polizeitung.at\" target=\"_blank\" rel=\"noreferrer noopener\">www.polizeitung.at<\/a><\/p>\n\n\n\n<p>Austrian Albert Schweitzer Organisation<br><a rel=\"noreferrer noopener\" href=\"http:\/\/www.oeasg.org\" target=\"_blank\">www.oeasg.org<\/a><\/p>\n\n\n\n<p>Lower Austria Military History Organisation<br><a rel=\"noreferrer noopener\" href=\"http:\/\/www.noemhg.at\" data-type=\"URL\" data-id=\"www.noemhg.at\" target=\"_blank\">www.noemhg.at<\/a><\/p>\n\n\n<style>.wp-block-kadence-spacer.kt-block-spacer-_e6a102-79 .kt-block-spacer{height:55px;}.wp-block-kadence-spacer.kt-block-spacer-_e6a102-79 .kt-divider{border-top-width:2px;border-top-color:var(--global-palette2, #2B6CB0);width:100%;border-top-style:solid;}<\/style>\n<div class=\"wp-block-kadence-spacer aligncenter kt-block-spacer-_e6a102-79\"><div class=\"kt-block-spacer kt-block-spacer-halign-left\"><hr class=\"kt-divider\"\/><\/div><\/div>\n\n\n<style>.wp-block-kadence-advancedheading.kt-adv-heading_36f963-b6, .wp-block-kadence-advancedheading.kt-adv-heading_36f963-b6[data-kb-block=\"kb-adv-heading_36f963-b6\"]{margin-top:1px;font-weight:400;font-style:normal;font-family:'Work Sans';}.wp-block-kadence-advancedheading.kt-adv-heading_36f963-b6 mark, .wp-block-kadence-advancedheading.kt-adv-heading_36f963-b6[data-kb-block=\"kb-adv-heading_36f963-b6\"] mark{font-style:normal;color:#f76a0c;padding-top:0px;padding-right:0px;padding-bottom:0px;padding-left:0px;}<\/style>\n<h2 class=\"kt-adv-heading_36f963-b6 wp-block-kadence-advancedheading\" data-kb-block=\"kb-adv-heading_36f963-b6\">Partners of OEDA<\/h2>\n\n\n\n<p>International Moving Company Zdenko Dworak<br><a rel=\"noreferrer noopener\" href=\"http:\/\/www.zdenkodworak.at\" target=\"_blank\">www.zdenkodworak.at<\/a><\/p>\n\n\n\n<p>Our partner, the Int. Moving Company Zdenko Dworak was awarded the Austrian Export Prize 2020 in silver in the area of \u200b\u200btransport and traffic. Congratulations from the OEDA!<\/p>\n\n\n\n<figure class=\"wp-block-embed is-type-rich is-provider-handler-einbetten wp-block-embed-handler-einbetten wp-embed-aspect-16-9 wp-has-aspect-ratio\"><div class=\"wp-block-embed__wrapper\">\n<iframe title=\"Made in Austria: Grenzenlos erfolgreich (3\/10) - Zdenko Dworak GesmbH und Cubicure GmbH\" width=\"720\" height=\"405\" src=\"https:\/\/www.youtube.com\/embed\/W8lsPNAcAhI?feature=oembed\" frameborder=\"0\" allow=\"accelerometer; autoplay; clipboard-write; encrypted-media; gyroscope; picture-in-picture; web-share\" allowfullscreen><\/iframe>\n<\/div><\/figure>\n\n\n\n<p>Alles Fahnen<br><a href=\"http:\/\/www.allesfahnen.at\" target=\"_blank\" rel=\"noreferrer noopener\">www.allesfahnen.at<\/a><\/p>\n\n\n<style>.kb-gallery-id-_6bd5d5-6b .kadence-blocks-gallery-item .kb-gal-image-radius{border-radius:0px 0px 0px 0px;}<\/style><div class=\"kb-gallery-wrap-id-_6bd5d5-6b alignnone wp-block-kadence-advancedgallery\"><div class=\"kb-gallery-ul kb-gallery-non-static kb-gallery-type-slider kb-gallery-id-_6bd5d5-6b kb-gallery-caption-style-bottom-hover kb-gallery-filter-none\" data-image-filter=\"none\" data-lightbox-caption=\"true\"><div class=\"kt-blocks-carousel kt-carousel-container-dotstyle-dark\"><div class=\"kt-blocks-carousel-init kb-blocks-slider kt-carousel-arrowstyle-whiteondark kt-carousel-dotstyle-dark\" data-slider-anim-speed=\"400\" data-slider-scroll=\"1\" data-slider-arrows=\"true\" data-slider-fade=\"true\" data-slider-dots=\"true\"data-slider-type=\"slider\"  data-slider-hover-pause=\"false\" data-slider-auto=\"\" data-slider-speed=\"7000\"><div class=\"kb-slide-item kb-gallery-slide-item\"><div class=\"kadence-blocks-gallery-item\"><div class=\"kadence-blocks-gallery-item-inner\"><figure class=\"kb-gallery-figure kadence-blocks-gallery-item-hide-caption\" \"><div class=\"kb-gal-image-radius\"><div class=\"kb-gallery-image-contain kadence-blocks-gallery-intrinsic kb-gallery-image-ratio-port23 kb-has-image-ratio-port23\" ><img decoding=\"async\" src=\"https:\/\/www.oeda.eu\/wp-content\/uploads\/2021\/09\/20210609_150437-1-576x1024.jpg\" width=\"576\" height=\"1024\" alt=\"\" data-full-image=\"https:\/\/www.oeda.eu\/wp-content\/uploads\/2021\/09\/20210609_150437-1.jpg\" data-light-image=\"https:\/\/www.oeda.eu\/wp-content\/uploads\/2021\/09\/20210609_150437-1.jpg\" data-id=\"1439\" class=\"wp-image-1439 skip-lazy\" srcset=\"https:\/\/www.oeda.eu\/wp-content\/uploads\/2021\/09\/20210609_150437-1-576x1024.jpg 576w, https:\/\/www.oeda.eu\/wp-content\/uploads\/2021\/09\/20210609_150437-1-169x300.jpg 169w, https:\/\/www.oeda.eu\/wp-content\/uploads\/2021\/09\/20210609_150437-1-768x1366.jpg 768w, https:\/\/www.oeda.eu\/wp-content\/uploads\/2021\/09\/20210609_150437-1-7x12.jpg 7w, https:\/\/www.oeda.eu\/wp-content\/uploads\/2021\/09\/20210609_150437-1.jpg 850w\" sizes=\"(max-width: 576px) 100vw, 576px\" \/><\/div><\/div><\/figure><\/div><\/div><\/div><div class=\"kb-slide-item kb-gallery-slide-item\"><div class=\"kadence-blocks-gallery-item\"><div class=\"kadence-blocks-gallery-item-inner\"><figure class=\"kb-gallery-figure kadence-blocks-gallery-item-hide-caption\" \"><div class=\"kb-gal-image-radius\"><div class=\"kb-gallery-image-contain kadence-blocks-gallery-intrinsic kb-gallery-image-ratio-port23 kb-has-image-ratio-port23\" ><img decoding=\"async\" src=\"https:\/\/www.oeda.eu\/wp-content\/uploads\/2021\/09\/Urkunde-Original-260221-1-720x1024.jpg\" width=\"720\" height=\"1024\" alt=\"\" data-full-image=\"https:\/\/www.oeda.eu\/wp-content\/uploads\/2021\/09\/Urkunde-Original-260221-1.jpg\" data-light-image=\"https:\/\/www.oeda.eu\/wp-content\/uploads\/2021\/09\/Urkunde-Original-260221-1.jpg\" data-id=\"1440\" class=\"wp-image-1440 skip-lazy\" srcset=\"https:\/\/www.oeda.eu\/wp-content\/uploads\/2021\/09\/Urkunde-Original-260221-1-720x1024.jpg 720w, https:\/\/www.oeda.eu\/wp-content\/uploads\/2021\/09\/Urkunde-Original-260221-1-211x300.jpg 211w, https:\/\/www.oeda.eu\/wp-content\/uploads\/2021\/09\/Urkunde-Original-260221-1-768x1092.jpg 768w, https:\/\/www.oeda.eu\/wp-content\/uploads\/2021\/09\/Urkunde-Original-260221-1-8x12.jpg 8w, https:\/\/www.oeda.eu\/wp-content\/uploads\/2021\/09\/Urkunde-Original-260221-1.jpg 794w\" sizes=\"(max-width: 720px) 100vw, 720px\" \/><\/div><\/div><\/figure><\/div><\/div><\/div><\/div><\/div><\/div><\/div>\n\n\n<p>Presentation of the OEDA certificate of thanks and appreciation to Mr. Karl Tattyrek, Managing Director of Alles Fahnen Produktionsgmbh, Vienna. The company named supports OEDA as a partner. From left to right: President Helmut Eberl, Mr. Karl Tattyrek and Senate Member Wolfgang Weber.<\/p>\n\n\n\n<p class=\"has-kb-palette-3-color has-text-color\"><\/p>\n\n\n<style>.wp-block-kadence-spacer.kt-block-spacer-_d15a0e-fb .kt-block-spacer{height:55px;}.wp-block-kadence-spacer.kt-block-spacer-_d15a0e-fb .kt-divider{border-top-width:2px;border-top-color:var(--global-palette2, #2B6CB0);width:100%;border-top-style:solid;}<\/style>\n<div class=\"wp-block-kadence-spacer aligncenter kt-block-spacer-_d15a0e-fb\"><div class=\"kt-block-spacer kt-block-spacer-halign-left\"><hr class=\"kt-divider\"\/><\/div><\/div>\n\n\n<style>.wp-block-kadence-advancedheading.kt-adv-heading_870582-1c, .wp-block-kadence-advancedheading.kt-adv-heading_870582-1c[data-kb-block=\"kb-adv-heading_870582-1c\"]{margin-top:1px;font-weight:400;font-style:normal;font-family:'Work Sans';}.wp-block-kadence-advancedheading.kt-adv-heading_870582-1c mark, .wp-block-kadence-advancedheading.kt-adv-heading_870582-1c[data-kb-block=\"kb-adv-heading_870582-1c\"] mark{font-style:normal;color:#f76a0c;padding-top:0px;padding-right:0px;padding-bottom:0px;padding-left:0px;}<\/style>\n<h2 class=\"kt-adv-heading_870582-1c wp-block-kadence-advancedheading\" data-kb-block=\"kb-adv-heading_870582-1c\">Corresponding Associations<\/h2>\n\n\n<style>.wp-block-kadence-advancedheading.kt-adv-heading_515e49-61, .wp-block-kadence-advancedheading.kt-adv-heading_515e49-61[data-kb-block=\"kb-adv-heading_515e49-61\"]{margin-top:25px;margin-bottom:10px;font-size:21px;font-weight:400;font-style:normal;font-family:'Work Sans';}.wp-block-kadence-advancedheading.kt-adv-heading_515e49-61 mark, .wp-block-kadence-advancedheading.kt-adv-heading_515e49-61[data-kb-block=\"kb-adv-heading_515e49-61\"] mark{font-style:normal;color:var(--global-palette6, #718096);padding-top:0px;padding-right:0px;padding-bottom:0px;padding-left:0px;}<\/style>\n<h3 class=\"kt-adv-heading_515e49-61 wp-block-kadence-advancedheading\" data-kb-block=\"kb-adv-heading_515e49-61\">Bulgaria<\/h3>\n\n\n\n<p>National Traditional Association \"Traditzia\"<br>Website under construction<\/p>\n\n\n<style>.wp-block-kadence-advancedheading.kt-adv-heading_b313e7-fb, .wp-block-kadence-advancedheading.kt-adv-heading_b313e7-fb[data-kb-block=\"kb-adv-heading_b313e7-fb\"]{margin-top:25px;margin-bottom:10px;font-size:21px;font-weight:400;font-style:normal;font-family:'Work Sans';}.wp-block-kadence-advancedheading.kt-adv-heading_b313e7-fb mark, .wp-block-kadence-advancedheading.kt-adv-heading_b313e7-fb[data-kb-block=\"kb-adv-heading_b313e7-fb\"] mark{font-style:normal;color:#f76a0c;padding-top:0px;padding-right:0px;padding-bottom:0px;padding-left:0px;}<\/style>\n<h3 class=\"kt-adv-heading_b313e7-fb wp-block-kadence-advancedheading\" data-kb-block=\"kb-adv-heading_b313e7-fb\">Germany<\/h3>\n\n\n\n<p>Freundeskreis Hoch- und Deutschmeister Mannheim<br><a href=\"http:\/\/www.fkhudm.jimdofree.com\/\"><\/a><a href=\"https:\/\/fkhudm.jimdofree.com\/\" target=\"_blank\" rel=\"noreferrer noopener\">www.fkhudm.jimdofree.com<\/a><\/p>\n\n\n\n<p>Citizens Guard of Bad Saulgau 1239 e.V.<br><a rel=\"noreferrer noopener\" href=\"https:\/\/fkhudm.jimdofree.com\/\" target=\"_blank\"><\/a><a href=\"http:\/\/www.buergerwache-saulgau.de\" data-type=\"URL\" data-id=\"www.buergerwache-saulgau.de\">www.buergerwache-saulgau.de<\/a><\/p>\n\n\n<style>.wp-block-kadence-advancedheading.kt-adv-heading_5ff2a5-75, .wp-block-kadence-advancedheading.kt-adv-heading_5ff2a5-75[data-kb-block=\"kb-adv-heading_5ff2a5-75\"]{margin-top:25px;margin-bottom:10px;font-size:21px;font-weight:400;font-style:normal;font-family:'Work Sans';}.wp-block-kadence-advancedheading.kt-adv-heading_5ff2a5-75 mark, .wp-block-kadence-advancedheading.kt-adv-heading_5ff2a5-75[data-kb-block=\"kb-adv-heading_5ff2a5-75\"] mark{font-style:normal;color:#f76a0c;padding-top:0px;padding-right:0px;padding-bottom:0px;padding-left:0px;}<\/style>\n<h3 class=\"kt-adv-heading_5ff2a5-75 wp-block-kadence-advancedheading\" data-kb-block=\"kb-adv-heading_5ff2a5-75\">Austria<\/h3>\n\n\n\n<p>Citizens Corps V\u00f6cklabruck<br><a href=\"http:\/\/www.buergerkorps-voecklabruck.at\" target=\"_blank\" rel=\"noreferrer noopener\">www.buergerkorps-voecklabruck.at<\/a><\/p>\n\n\n\n<p>Traditions Corps Gmunden<br>k.u.k. Infantry Regiment \"Duke of Cumberland\" No. 42<br><a href=\"http:\/\/www.ir42gmunden.at\" data-type=\"link\" data-id=\"www.ir42gmunden.at\">www.ir42gmunden.at<\/a><\/p>\n\n\n\n<p>Tradition Rifle Corps \"Freiherr von Bolfras\" No. 84<br><a href=\"http:\/\/www.ir84.at\">www.ir84.at<\/a><\/p>\n\n\n\n<p>k.u.k. Infantry Regiment \"K\u00f6nig der Hellenen\" No, 99<br><a href=\"http:\/\/www.ir99.eu\" target=\"_blank\" rel=\"noreferrer noopener\">www.ir99.eu<\/a><\/p>\n\n\n\n<p>k.u.k. Traditional Police 1899-Carinthia<br><a rel=\"noreferrer noopener\" href=\"http:\/\/www.polizeitung.at\" data-type=\"URL\" data-id=\"www.polizeitung.at\" target=\"_blank\">www.polizeitung.at<\/a><\/p>\n\n\n\n<p>k.u.k. Leibgarde-Infanteriekompanie Bad Ischl<br>Website under construction<\/p>","protected":false},"excerpt":{"rendered":"<p>Organisationen Bundesministerium f\u00fcr Landesverteidigungwww.bmlv.gv.at Gendarmerie- und Polizeifreunde K\u00e4rntenwww.polizeitung.at \u00d6sterreichische Albert Schweitzer Gesellschaftwww.oeasg.org Nieder\u00f6sterreichische Milit\u00e4rhistorische Gesellschaftwww.noemhg.at Partner der OEDA Internationale Spedition Zdenko Dworakwww.zdenkodworak.at Unser Partner, die Int. Spedition Zdenko Dworak, wurde mit dem \u00d6sterreichischen Exportpreis 2020 in Silber, Bereich Transport und Verkehr, ausgezeichnet. Die OEDA gratuliert dazu sehr herzlich! Alles Fahnenwww.allesfahnen.at Verleihung der Dank- und Anerkennungsurkunde&#8230;<\/p>","protected":false},"author":1,"featured_media":0,"parent":0,"menu_order":0,"comment_status":"closed","ping_status":"closed","template":"","meta":{"_coblocks_attr":"","_coblocks_dimensions":"","_coblocks_responsive_height":"","_coblocks_accordion_ie_support":"","_kadence_starter_templates_imported_post":false,"_kad_post_transparent":"","_kad_post_title":"","_kad_post_layout":"","_kad_post_sidebar_id":"","_kad_post_content_style":"","_kad_post_vertical_padding":"","_kad_post_feature":"","_kad_post_feature_position":"","_kad_post_header":false,"_kad_post_footer":false,"footnotes":""},"class_list":["post-742","page","type-page","status-publish","hentry"],"featured_image_urls":{"full":"","thumbnail":"","medium":"","medium_large":"","large":"","1536x1536":"","2048x2048":"","trp-custom-language-flag":"","ab-block-post-grid-landscape":"","ab-block-post-grid-square":""},"post_excerpt_stackable":"<p>Organisationen Bundesministerium f\u00fcr Landesverteidigungwww.bmlv.gv.at Gendarmerie- und Polizeifreunde K\u00e4rntenwww.polizeitung.at \u00d6sterreichische Albert Schweitzer Gesellschaftwww.oeasg.org Nieder\u00f6sterreichische Milit\u00e4rhistorische Gesellschaftwww.noemhg.at Partner der OEDA Internationale Spedition Zdenko Dworakwww.zdenkodworak.at Unser Partner, die Int. Spedition Zdenko Dworak, wurde mit dem \u00d6sterreichischen Exportpreis 2020 in Silber, Bereich Transport und Verkehr, ausgezeichnet. Die OEDA gratuliert dazu sehr herzlich! Alles Fahnenwww.allesfahnen.at Verleihung der Dank- und Anerkennungsurkunde OEDA an Herrn Karl Tattyrek, Gesch\u00e4ftsf\u00fchrer der Firma Alles Fahnen Produktionsgmbh, Wien. Genannte Firma unterst\u00fctzt als Partner die OEDA. Im Bild von links nach rechts: Pr\u00e4sident Helmut Eberl, Herr Karl Tattyrek und Senatsmitglied Wolfgang Weber. Korrespondierende Vereine Bulgarien Nationaler Traditionsverband \u201eTraditzia\u201c(Webseite wird neu erstellt) Deutschland&hellip;<\/p>\n","category_list":"","author_info":{"name":"oeda","url":"https:\/\/www.oeda.eu\/en\/author\/oeda\/"},"comments_num":"0 comments","featured_image_urls_v2":{"full":"","thumbnail":"","medium":"","medium_large":"","large":"","1536x1536":"","2048x2048":"","trp-custom-language-flag":"","ab-block-post-grid-landscape":"","ab-block-post-grid-square":""},"post_excerpt_stackable_v2":"<p>Organisationen Bundesministerium f\u00fcr Landesverteidigungwww.bmlv.gv.at Gendarmerie- und Polizeifreunde K\u00e4rntenwww.polizeitung.at \u00d6sterreichische Albert Schweitzer Gesellschaftwww.oeasg.org Nieder\u00f6sterreichische Milit\u00e4rhistorische Gesellschaftwww.noemhg.at Partner der OEDA Internationale Spedition Zdenko Dworakwww.zdenkodworak.at Unser Partner, die Int. Spedition Zdenko Dworak, wurde mit dem \u00d6sterreichischen Exportpreis 2020 in Silber, Bereich Transport und Verkehr, ausgezeichnet. Die OEDA gratuliert dazu sehr herzlich! Alles Fahnenwww.allesfahnen.at Verleihung der Dank- und Anerkennungsurkunde OEDA an Herrn Karl Tattyrek, Gesch\u00e4ftsf\u00fchrer der Firma Alles Fahnen Produktionsgmbh, Wien. Genannte Firma unterst\u00fctzt als Partner die OEDA. Im Bild von links nach rechts: Pr\u00e4sident Helmut Eberl, Herr Karl Tattyrek und Senatsmitglied Wolfgang Weber. Korrespondierende Vereine Bulgarien Nationaler Traditionsverband \u201eTraditzia\u201c(Webseite wird neu erstellt) Deutschland&hellip;<\/p>\n","category_list_v2":"","author_info_v2":{"name":"oeda","url":"https:\/\/www.oeda.eu\/en\/author\/oeda\/"},"comments_num_v2":"0 comments","featured_image_src":null,"featured_image_src_square":null,"_links":{"self":[{"href":"https:\/\/www.oeda.eu\/en\/wp-json\/wp\/v2\/pages\/742","targetHints":{"allow":["GET"]}}],"collection":[{"href":"https:\/\/www.oeda.eu\/en\/wp-json\/wp\/v2\/pages"}],"about":[{"href":"https:\/\/www.oeda.eu\/en\/wp-json\/wp\/v2\/types\/page"}],"author":[{"embeddable":true,"href":"https:\/\/www.oeda.eu\/en\/wp-json\/wp\/v2\/users\/1"}],"replies":[{"embeddable":true,"href":"https:\/\/www.oeda.eu\/en\/wp-json\/wp\/v2\/comments?post=742"}],"version-history":[{"count":40,"href":"https:\/\/www.oeda.eu\/en\/wp-json\/wp\/v2\/pages\/742\/revisions"}],"predecessor-version":[{"id":1522,"href":"https:\/\/www.oeda.eu\/en\/wp-json\/wp\/v2\/pages\/742\/revisions\/1522"}],"wp:attachment":[{"href":"https:\/\/www.oeda.eu\/en\/wp-json\/wp\/v2\/media?parent=742"}],"curies":[{"name":"wp","href":"https:\/\/api.w.org\/{rel}","templated":true}]}}