{"id":441,"date":"2020-09-15T11:09:12","date_gmt":"2020-09-15T09:09:12","guid":{"rendered":"https:\/\/www.oeda.eu\/?page_id=441"},"modified":"2020-11-10T23:40:38","modified_gmt":"2020-11-10T22:40:38","slug":"impressum","status":"publish","type":"page","link":"https:\/\/www.oeda.eu\/en\/impressum\/","title":{"rendered":"Legal notice"},"content":{"rendered":"<style>.wp-block-kadence-advancedheading.kt-adv-heading_8e3a27-8c, .wp-block-kadence-advancedheading.kt-adv-heading_8e3a27-8c[data-kb-block=\"kb-adv-heading_8e3a27-8c\"]{margin-top:1px;font-style:normal;}.wp-block-kadence-advancedheading.kt-adv-heading_8e3a27-8c mark, .wp-block-kadence-advancedheading.kt-adv-heading_8e3a27-8c[data-kb-block=\"kb-adv-heading_8e3a27-8c\"] mark{font-style:normal;color:#f76a0c;padding-top:0px;padding-right:0px;padding-bottom:0px;padding-left:0px;}<\/style>\n<h2 id=\"kt-adv-heading_8e3a27-8c\" class=\"kt-adv-heading_8e3a27-8c wp-block-kadence-advancedheading\" style=\"margin-top:1px\">Informationspflicht<\/h2>\n\n\n\n<p><span style=\"color: var(--global-palette2, #2B6CB0);\" class=\"ugb-highlight\">laut \u00a75 E-Commerce Gesetz, \u00a714 Unternehmensgesetzbuch, \u00a763 Gewerbeordnung und Offenlegungspflicht laut \u00a725 Mediengesetz.<\/span><\/p>\n\n\n\n<p>OEDA (\u00d6sterreichisch \u2013 Deutsche Akademie f\u00fcr Traditionsoffiziere und Traditionsunteroffiziere)<br>Carlbergergasse 109, T\u00fcr 28,<br>1230 Wien, \u00d6sterreich<\/p>\n\n\n\n<p><span style=\"color: var(--global-palette2, #2B6CB0);\" class=\"ugb-highlight\">Organschaftliche Vertreter<\/span><br>Obmann: Generalmajor i.Tr. Helmut A. J. Eberl<br>Tel.: +43 (0)664 307 51 06<br>E-Mail: &#112;&#x72;&#97;&#x65;&#115;&#x69;&#100;&#x65;&#110;&#x74;&#111;&#x65;&#100;&#x61;&#64;&#x67;&#109;&#x78;&#46;&#x64;&#101;<\/p>\n\n\n<style>.wp-block-kadence-advancedheading.kt-adv-heading_3526e2-1a, .wp-block-kadence-advancedheading.kt-adv-heading_3526e2-1a[data-kb-block=\"kb-adv-heading_3526e2-1a\"]{margin-top:30px;font-style:normal;}.wp-block-kadence-advancedheading.kt-adv-heading_3526e2-1a mark, .wp-block-kadence-advancedheading.kt-adv-heading_3526e2-1a[data-kb-block=\"kb-adv-heading_3526e2-1a\"] mark{font-style:normal;color:#f76a0c;padding-top:0px;padding-right:0px;padding-bottom:0px;padding-left:0px;}<\/style>\n<h2 id=\"kt-adv-heading_3526e2-1a\" class=\"kt-adv-heading_3526e2-1a wp-block-kadence-advancedheading\" style=\"margin-top:30px\">Vereinszweck<\/h2>\n\n\n\n<p>Die Akademie bezweckt die F\u00f6rderung der Freiwilligen Konkolle und Pr\u00fcfung des Ausbildungsstandes von Traditionsoffizieren und Unteroffizieren, welche in historischer&nbsp;Uniform alleine, oder innerhalb gr\u00f6\u00dferer Verb\u00e4nde in der \u00d6ffentlichkeit aktiv sind und dieses darstellen. <\/p>\n\n\n\n<p>Quelle: Erstellt mit dem Impressum Generator von firmenwebseiten.at in Kooperation mit flokib.at<\/p>\n\n\n<style>.wp-block-kadence-advancedheading.kt-adv-heading_9e3ec0-60, .wp-block-kadence-advancedheading.kt-adv-heading_9e3ec0-60[data-kb-block=\"kb-adv-heading_9e3ec0-60\"]{margin-top:30px;font-style:normal;}.wp-block-kadence-advancedheading.kt-adv-heading_9e3ec0-60 mark, .wp-block-kadence-advancedheading.kt-adv-heading_9e3ec0-60[data-kb-block=\"kb-adv-heading_9e3ec0-60\"] mark{font-style:normal;color:#f76a0c;padding-top:0px;padding-right:0px;padding-bottom:0px;padding-left:0px;}<\/style>\n<h2 id=\"kt-adv-heading_9e3ec0-60\" class=\"kt-adv-heading_9e3ec0-60 wp-block-kadence-advancedheading\" style=\"margin-top:30px\">EU-Streitschlichtung<\/h2>\n\n\n\n<p>Gem\u00e4\u00df Verordnung \u00fcber Online-Streitbeilegung in Verbraucherangelegenheiten (ODR-Verordnung) m\u00f6chten wir Sie \u00fcber die Online-Streitbeilegungsplattform (OS-Plattform)&nbsp;informieren.<br>Verbraucher haben die M\u00f6glichkeit, Beschwerden an die Online Streitbeilegungsplattform der Europ\u00e4ischen Kommission unter&nbsp;http:\/\/ec.europa.eu\/odr?tid=221133347&nbsp;zu&nbsp;richten. Die daf\u00fcr notwendigen Kontaktdaten finden Sie oberhalb in unserem Impressum.<\/p>\n\n\n\n<p>Wir m\u00f6chten Sie jedoch darauf hinweisen, dass wir nicht bereit oder verpflichtet sind, an Streitbeilegungsverfahren vor einer Verbraucherschlichtungsstelle teilzunehmen.<\/p>\n\n\n<style>.wp-block-kadence-advancedheading.kt-adv-heading_f6ce36-0c, .wp-block-kadence-advancedheading.kt-adv-heading_f6ce36-0c[data-kb-block=\"kb-adv-heading_f6ce36-0c\"]{margin-top:30px;font-style:normal;}.wp-block-kadence-advancedheading.kt-adv-heading_f6ce36-0c mark, .wp-block-kadence-advancedheading.kt-adv-heading_f6ce36-0c[data-kb-block=\"kb-adv-heading_f6ce36-0c\"] mark{font-style:normal;color:#f76a0c;padding-top:0px;padding-right:0px;padding-bottom:0px;padding-left:0px;}<\/style>\n<h2 id=\"kt-adv-heading_f6ce36-0c\" class=\"kt-adv-heading_f6ce36-0c wp-block-kadence-advancedheading\" style=\"margin-top:30px\">Haftung f\u00fcr Inhalte dieser Webseite<\/h2>\n\n\n\n<p>Sollten Ihnen problematische oder rechtswidrige Inhalte auffallen, bitten wir Sie uns umgehend zu kontaktieren, Sie finden die Kontaktdaten im Impressum.<\/p>\n\n\n\n<p>Wir entwickeln die Inhalte dieser Webseite st\u00e4ndig weiter und bem\u00fchen uns korrekte und aktuelle Informationen bereitzustellen. Leider k\u00f6nnen wir keine Haftung f\u00fcr die&nbsp;Korrektheit aller Inhalte auf dieser Webseite \u00fcbernehmen, speziell f\u00fcr jene die seitens Dritter bereitgestellt wurden.<\/p>\n\n\n<style>.wp-block-kadence-advancedheading.kt-adv-heading_4d857a-39, .wp-block-kadence-advancedheading.kt-adv-heading_4d857a-39[data-kb-block=\"kb-adv-heading_4d857a-39\"]{margin-top:30px;font-style:normal;}.wp-block-kadence-advancedheading.kt-adv-heading_4d857a-39 mark, .wp-block-kadence-advancedheading.kt-adv-heading_4d857a-39[data-kb-block=\"kb-adv-heading_4d857a-39\"] mark{font-style:normal;color:#f76a0c;padding-top:0px;padding-right:0px;padding-bottom:0px;padding-left:0px;}<\/style>\n<h2 id=\"kt-adv-heading_4d857a-39\" class=\"kt-adv-heading_4d857a-39 wp-block-kadence-advancedheading\" style=\"margin-top:30px\">Haftung f\u00fcr Links auf dieser Webseite<\/h2>\n\n\n\n<p>Unsere Webseite enth\u00e4lt Links zu anderen Webseiten f\u00fcr deren Inhalt wir nicht verantwortlich sind. Haftung f\u00fcr verlinkte Websites besteht laut \u00a7 17 ECG f\u00fcr uns nicht, da wir keine Kenntnis rechtswidriger T\u00e4tigkeiten hatten und haben, uns solche Rechtswidrigkeiten auch bisher nicht aufgefallen sind und wir Links sofort entfernen w\u00fcrden, wenn uns Rechtswidrigkeiten bekannt werden.<\/p>\n\n\n\n<p>Wenn Ihnen rechtswidrige Links auf unserer Website auffallen, bitten wir Sie uns zu kontaktieren, Sie finden die Kontaktdaten im Impressum.<\/p>\n\n\n<style>.wp-block-kadence-advancedheading.kt-adv-heading_b2f858-9b, .wp-block-kadence-advancedheading.kt-adv-heading_b2f858-9b[data-kb-block=\"kb-adv-heading_b2f858-9b\"]{margin-top:30px;font-style:normal;}.wp-block-kadence-advancedheading.kt-adv-heading_b2f858-9b mark, .wp-block-kadence-advancedheading.kt-adv-heading_b2f858-9b[data-kb-block=\"kb-adv-heading_b2f858-9b\"] mark{font-style:normal;color:#f76a0c;padding-top:0px;padding-right:0px;padding-bottom:0px;padding-left:0px;}<\/style>\n<h2 id=\"kt-adv-heading_b2f858-9b\" class=\"kt-adv-heading_b2f858-9b wp-block-kadence-advancedheading\" style=\"margin-top:30px\">Urheberrechtshinweis<\/h2>\n\n\n\n<p>Alle Inhalte dieser Webseite (Bilder, Fotos, Texte, Videos) unterliegen dem Urheberrecht. Falls notwendig, werden wir die unerlaubte Nutzung von Teilen der Inhalte unserer&nbsp;Seite rechtlich verfolgen.<\/p>\n\n\n<style>.wp-block-kadence-advancedheading.kt-adv-heading_7a569c-40, .wp-block-kadence-advancedheading.kt-adv-heading_7a569c-40[data-kb-block=\"kb-adv-heading_7a569c-40\"]{margin-top:30px;font-style:normal;}.wp-block-kadence-advancedheading.kt-adv-heading_7a569c-40 mark, .wp-block-kadence-advancedheading.kt-adv-heading_7a569c-40[data-kb-block=\"kb-adv-heading_7a569c-40\"] mark{font-style:normal;color:#f76a0c;padding-top:0px;padding-right:0px;padding-bottom:0px;padding-left:0px;}<\/style>\n<h2 id=\"kt-adv-heading_7a569c-40\" class=\"kt-adv-heading_7a569c-40 wp-block-kadence-advancedheading\" style=\"margin-top:30px\">Bildernachweis<\/h2>\n\n\n\n<p>Die Bilder, Fotos und Grafiken auf dieser Webseite sind urheberrechtlich gesch\u00fctzt.<br>Die Bilderrechte liegen bei den folgenden Fotografen und Unternehmen:<\/p>\n\n\n\n<p>\u2022&nbsp;Fotograf Max Mustermann<\/p>","protected":false},"excerpt":{"rendered":"<p>Informationspflicht laut \u00a75 E-Commerce Gesetz, \u00a714 Unternehmensgesetzbuch, \u00a763 Gewerbeordnung und Offenlegungspflicht laut \u00a725 Mediengesetz. OEDA (\u00d6sterreichisch \u2013 Deutsche Akademie f\u00fcr Traditionsoffiziere und Traditionsunteroffiziere)Carlbergergasse 109, T\u00fcr 28,1230 Wien, \u00d6sterreich Organschaftliche VertreterObmann: Generalmajor i.Tr. Helmut A. J. EberlTel.: +43 (0)664 307 51 06E-Mail: &#112;r&#x61;e&#x73;i&#x64;e&#x6e;&#116;&#x6f;&#101;&#x64;&#97;&#x40;&#103;m&#120;&#46;&#x64;e Vereinszweck Die Akademie bezweckt die F\u00f6rderung der Freiwilligen Konkolle und Pr\u00fcfung des Ausbildungsstandes&#8230;<\/p>","protected":false},"author":1,"featured_media":0,"parent":0,"menu_order":0,"comment_status":"closed","ping_status":"closed","template":"","meta":{"_coblocks_attr":"","_coblocks_dimensions":"","_coblocks_responsive_height":"","_coblocks_accordion_ie_support":"","_kadence_starter_templates_imported_post":false,"_kad_post_transparent":"","_kad_post_title":"","_kad_post_layout":"normal","_kad_post_sidebar_id":"","_kad_post_content_style":"boxed","_kad_post_vertical_padding":"","_kad_post_feature":"","_kad_post_feature_position":"","_kad_post_header":false,"_kad_post_footer":false,"footnotes":""},"class_list":["post-441","page","type-page","status-publish","hentry"],"featured_image_urls":{"full":"","thumbnail":"","medium":"","medium_large":"","large":"","1536x1536":"","2048x2048":"","trp-custom-language-flag":"","ab-block-post-grid-landscape":"","ab-block-post-grid-square":""},"post_excerpt_stackable":"<p>Informationspflicht laut \u00a75 E-Commerce Gesetz, \u00a714 Unternehmensgesetzbuch, \u00a763 Gewerbeordnung und Offenlegungspflicht laut \u00a725 Mediengesetz. OEDA (\u00d6sterreichisch \u2013 Deutsche Akademie f\u00fcr Traditionsoffiziere und Traditionsunteroffiziere)Carlbergergasse 109, T\u00fcr 28,1230 Wien, \u00d6sterreich Organschaftliche VertreterObmann: Generalmajor i.Tr. Helmut A. J. EberlTel.: +43 (0)664 307 51 06E-Mail: &#x70;r&#x61;&#101;&#x73;&#105;d&#x65;n&#x74;&#111;&#x65;&#100;a&#x40;&#103;&#x6d;&#120;&#46;&#x64;e Vereinszweck Die Akademie bezweckt die F\u00f6rderung der Freiwilligen Konkolle und Pr\u00fcfung des Ausbildungsstandes von Traditionsoffizieren und Unteroffizieren, welche in historischer&nbsp;Uniform alleine, oder innerhalb gr\u00f6\u00dferer Verb\u00e4nde in der \u00d6ffentlichkeit aktiv sind und dieses darstellen. Quelle: Erstellt mit dem Impressum Generator von firmenwebseiten.at in Kooperation mit flokib.at EU-Streitschlichtung Gem\u00e4\u00df Verordnung \u00fcber Online-Streitbeilegung in Verbraucherangelegenheiten (ODR-Verordnung) m\u00f6chten wir Sie \u00fcber die&hellip;<\/p>\n","category_list":"","author_info":{"name":"oeda","url":"https:\/\/www.oeda.eu\/en\/author\/oeda\/"},"comments_num":"0 comments","featured_image_urls_v2":{"full":"","thumbnail":"","medium":"","medium_large":"","large":"","1536x1536":"","2048x2048":"","trp-custom-language-flag":"","ab-block-post-grid-landscape":"","ab-block-post-grid-square":""},"post_excerpt_stackable_v2":"<p>Informationspflicht laut \u00a75 E-Commerce Gesetz, \u00a714 Unternehmensgesetzbuch, \u00a763 Gewerbeordnung und Offenlegungspflicht laut \u00a725 Mediengesetz. OEDA (\u00d6sterreichisch \u2013 Deutsche Akademie f\u00fcr Traditionsoffiziere und Traditionsunteroffiziere)Carlbergergasse 109, T\u00fcr 28,1230 Wien, \u00d6sterreich Organschaftliche VertreterObmann: Generalmajor i.Tr. Helmut A. J. EberlTel.: +43 (0)664 307 51 06E-Mail: &#112;&#x72;a&#101;&#x73;i&#100;&#x65;n&#x74;&#x6f;&#101;&#x64;a&#64;&#x67;m&#120;&#x2e;d&#x65; Vereinszweck Die Akademie bezweckt die F\u00f6rderung der Freiwilligen Konkolle und Pr\u00fcfung des Ausbildungsstandes von Traditionsoffizieren und Unteroffizieren, welche in historischer&nbsp;Uniform alleine, oder innerhalb gr\u00f6\u00dferer Verb\u00e4nde in der \u00d6ffentlichkeit aktiv sind und dieses darstellen. Quelle: Erstellt mit dem Impressum Generator von firmenwebseiten.at in Kooperation mit flokib.at EU-Streitschlichtung Gem\u00e4\u00df Verordnung \u00fcber Online-Streitbeilegung in Verbraucherangelegenheiten (ODR-Verordnung) m\u00f6chten wir Sie \u00fcber die&hellip;<\/p>\n","category_list_v2":"","author_info_v2":{"name":"oeda","url":"https:\/\/www.oeda.eu\/en\/author\/oeda\/"},"comments_num_v2":"0 comments","featured_image_src":null,"featured_image_src_square":null,"_links":{"self":[{"href":"https:\/\/www.oeda.eu\/en\/wp-json\/wp\/v2\/pages\/441","targetHints":{"allow":["GET"]}}],"collection":[{"href":"https:\/\/www.oeda.eu\/en\/wp-json\/wp\/v2\/pages"}],"about":[{"href":"https:\/\/www.oeda.eu\/en\/wp-json\/wp\/v2\/types\/page"}],"author":[{"embeddable":true,"href":"https:\/\/www.oeda.eu\/en\/wp-json\/wp\/v2\/users\/1"}],"replies":[{"embeddable":true,"href":"https:\/\/www.oeda.eu\/en\/wp-json\/wp\/v2\/comments?post=441"}],"version-history":[{"count":21,"href":"https:\/\/www.oeda.eu\/en\/wp-json\/wp\/v2\/pages\/441\/revisions"}],"predecessor-version":[{"id":1027,"href":"https:\/\/www.oeda.eu\/en\/wp-json\/wp\/v2\/pages\/441\/revisions\/1027"}],"wp:attachment":[{"href":"https:\/\/www.oeda.eu\/en\/wp-json\/wp\/v2\/media?parent=441"}],"curies":[{"name":"wp","href":"https:\/\/api.w.org\/{rel}","templated":true}]}}