{"id":29,"date":"2020-08-25T13:45:29","date_gmt":"2020-08-25T11:45:29","guid":{"rendered":"https:\/\/www.oeda.eu\/?page_id=29"},"modified":"2024-04-10T15:36:27","modified_gmt":"2024-04-10T13:36:27","slug":"akademiesenat","status":"publish","type":"page","link":"https:\/\/www.oeda.eu\/en\/akademiesenat\/","title":{"rendered":"Akademiesenat"},"content":{"rendered":"<style>.wp-block-kadence-advancedheading.kt-adv-heading_27ab4e-e7, .wp-block-kadence-advancedheading.kt-adv-heading_27ab4e-e7[data-kb-block=\"kb-adv-heading_27ab4e-e7\"]{margin-top:1.3em;margin-bottom:1.1em;text-align:center;font-style:normal;}.wp-block-kadence-advancedheading.kt-adv-heading_27ab4e-e7 mark, .wp-block-kadence-advancedheading.kt-adv-heading_27ab4e-e7[data-kb-block=\"kb-adv-heading_27ab4e-e7\"] mark{font-style:normal;color:#f76a0c;padding-top:0px;padding-right:0px;padding-bottom:0px;padding-left:0px;}<\/style>\n<h1 class=\"kt-adv-heading_27ab4e-e7 wp-block-kadence-advancedheading\" data-kb-block=\"kb-adv-heading_27ab4e-e7\">Unsere Mitglieder<\/h1>\n\n\n<style>.kt-blocks-testimonials-wrap_16861e-07 .kt-svg-testimonial-global-icon{font-size:30px;}.kt-blocks-testimonials-wrap_16861e-07 .kt-testimonial-rating-wrap .kb-svg-icon-wrap{color:#ffd700;font-size:16px;}.kt-blocks-testimonials-wrap_16861e-07 .kt-testimonial-grid-wrap{gap:0px;}.kt-blocks-testimonials-wrap_16861e-07 .kt-testimonial-item-wrap{padding-top:19px;padding-right:19px;padding-bottom:19px;padding-left:19px;}.kt-blocks-testimonials-wrap_16861e-07 .kt-testimonial-item-wrap .kt-testimonial-title{font-size:1.4em;line-height:1.2em;}.kt-blocks-testimonials-wrap_16861e-07 .kt-testimonial-content{color:var(--global-palette3, #1A202C);font-size:17px;line-height:24px;font-weight:400;}.kt-blocks-testimonials-wrap_16861e-07 .kt-testimonial-name{color:var(--global-palette2, #2B6CB0);font-size:15px;font-weight:400;}.kt-blocks-testimonials-wrap_16861e-07 .kt-testimonial-occupation{color:#555555;font-size:15px;line-height:25px;letter-spacing:1.4px;font-weight:400;}.kt-blocks-testimonials-wrap_16861e-07 .kt-testimonial-item-wrap{border-top:0px solid #eeeeee;border-right:0px solid #eeeeee;border-bottom:0px solid #eeeeee;border-left:0px solid #eeeeee;border-top-left-radius:0px;border-top-right-radius:0px;border-bottom-right-radius:0px;border-bottom-left-radius:0px;max-width:365px;}.kt-blocks-testimonials-wrap_16861e-07 .kt-testimonial-media-inner-wrap{border-top:0px solid #555555;border-right:0px solid #555555;border-bottom:0px solid #555555;border-left:0px solid #555555;border-top-left-radius:0px;border-top-right-radius:0px;border-bottom-right-radius:0px;border-bottom-left-radius:0px;padding-top:0px;padding-right:0px;padding-bottom:0px;padding-left:0px;margin-top:17px;margin-right:17px;margin-bottom:17px;margin-left:17px;}.kt-blocks-testimonials-wrap_16861e-07 .kt-svg-testimonial-icon{justify-content:center;align-items:center;}.kt-blocks-testimonials-wrap_16861e-07 .kt-testimonial-media-inner-wrap .kadence-testimonial-image-intrisic{padding-bottom:100%;}@media all and (max-width: 1024px){.kt-blocks-testimonials-wrap_16861e-07 .kt-testimonial-item-wrap{border-top:0px solid #eeeeee;border-right:0px solid #eeeeee;border-bottom:0px solid #eeeeee;border-left:0px solid #eeeeee;}}@media all and (max-width: 1024px){.kt-blocks-testimonials-wrap_16861e-07 .kt-testimonial-media-inner-wrap{border-top:0px solid #555555;border-right:0px solid #555555;border-bottom:0px solid #555555;border-left:0px solid #555555;}}@media all and (max-width: 767px){.kt-blocks-testimonials-wrap_16861e-07{padding-top:px;padding-bottom:px;margin-top:px;margin-bottom:px;}.kt-blocks-testimonials-wrap_16861e-07 .kt-testimonial-item-wrap{border-top:0px solid #eeeeee;border-right:0px solid #eeeeee;border-bottom:0px solid #eeeeee;border-left:0px solid #eeeeee;}.kt-blocks-testimonials-wrap_16861e-07 .kt-testimonial-media-inner-wrap{border-top:0px solid #555555;border-right:0px solid #555555;border-bottom:0px solid #555555;border-left:0px solid #555555;}}<\/style><div class=\"kt-blocks-testimonials-wrap_16861e-07 kt-testimonial-halign-center kt-testimonial-style-card kt-testimonials-media-on kt-testimonials-icon-off kt-testimonial-columns-3 kt-t-xxl-col-3 kt-t-xl-col-3 kt-t-lg-col-3 kt-t-md-col-2 kt-t-sm-col-1 kt-t-xs-col-1 wp-block-kadence-testimonials\"><div class=\"kt-blocks-testimonials-inner-wrap kt-testimonial-grid-wrap\">\n<div class=\"kt-testimonial-item-wrap kt-testimonial-item-_18a63a-d5 wp-block-kadence-testimonial\"><div class=\"kt-testimonial-text-wrap\"><div class=\"kt-testimonial-media-wrap\"><div class=\"kt-testimonial-media-inner-wrap\"><div class=\"kadence-testimonial-image-intrisic\"><div class=\"kt-testimonial-image\" style=\"background-image: url(https:\/\/www.oeda.eu\/wp-content\/uploads\/2020\/09\/EBERL-.jpg);background-size: Contain;\"><\/div><\/div><\/div><\/div><div class=\"kt-testimonial-title-wrap\"><h4 class=\"kt-testimonial-title\">Major General i.TR<br>Helmut A. J. Eberl<\/h4><\/div><div class=\"kt-testimonial-content-wrap\"><div class=\"kt-testimonial-content\">President<\/div><\/div><\/div><div class=\"kt-testimonial-meta-wrap\"><div class=\"kt-testimonial-meta-name-wrap\"><div class=\"kt-testimonial-name-wrap\"><div class=\"kt-testimonial-name\">* * *<\/div><\/div><div class=\"kt-testimonial-occupation-wrap\"><div class=\"kt-testimonial-occupation\">Austria<\/div><\/div><\/div><\/div><\/div>\n\n<div class=\"kt-testimonial-item-wrap kt-testimonial-item-_bedccd-64 wp-block-kadence-testimonial\"><div class=\"kt-testimonial-text-wrap\"><div class=\"kt-testimonial-media-wrap\"><div class=\"kt-testimonial-media-inner-wrap\"><div class=\"kadence-testimonial-image-intrisic\"><div class=\"kt-testimonial-image\" style=\"background-image: url(https:\/\/www.oeda.eu\/wp-content\/uploads\/2021\/03\/Wiegand_small.jpg);background-size: Contain;\"><\/div><\/div><\/div><\/div><div class=\"kt-testimonial-title-wrap\"><h4 class=\"kt-testimonial-title\">Major General i.TR<br>Martin H. Wiegand<\/h4><\/div><div class=\"kt-testimonial-content-wrap\"><div class=\"kt-testimonial-content\">Ehrenpr\u00e4sident<\/div><\/div><\/div><div class=\"kt-testimonial-meta-wrap\"><div class=\"kt-testimonial-meta-name-wrap\"><div class=\"kt-testimonial-name-wrap\"><div class=\"kt-testimonial-name\">* * *<\/div><\/div><div class=\"kt-testimonial-occupation-wrap\"><div class=\"kt-testimonial-occupation\">Germany<\/div><\/div><\/div><\/div><\/div>\n\n<div class=\"kt-testimonial-item-wrap kt-testimonial-item-_b4ae5a-1b wp-block-kadence-testimonial\"><div class=\"kt-testimonial-text-wrap\"><div class=\"kt-testimonial-media-wrap\"><div class=\"kt-testimonial-media-inner-wrap\"><div class=\"kadence-testimonial-image-intrisic\"><div class=\"kt-testimonial-image\" style=\"background-image: url(https:\/\/www.oeda.eu\/wp-content\/uploads\/2020\/09\/WEBER.jpg);background-size: Contain;\"><\/div><\/div><\/div><\/div><div class=\"kt-testimonial-title-wrap\"><h4 class=\"kt-testimonial-title\">Oberst i.TR.<br>Wolfgang Weber<\/h4><\/div><div class=\"kt-testimonial-content-wrap\"><div class=\"kt-testimonial-content\">Gesch\u00e4ftsf\u00fchrender Vizepr\u00e4sident <br>und <br>Senatsmitglied (Organisation)<\/div><\/div><\/div><div class=\"kt-testimonial-meta-wrap\"><div class=\"kt-testimonial-meta-name-wrap\"><div class=\"kt-testimonial-name-wrap\"><div class=\"kt-testimonial-name\">* * *<\/div><\/div><div class=\"kt-testimonial-occupation-wrap\"><div class=\"kt-testimonial-occupation\">Austria<\/div><\/div><\/div><\/div><\/div>\n\n<div class=\"kt-testimonial-item-wrap kt-testimonial-item-_20b197-91 wp-block-kadence-testimonial\"><div class=\"kt-testimonial-text-wrap\"><div class=\"kt-testimonial-media-wrap\"><div class=\"kt-testimonial-media-inner-wrap\"><div class=\"kadence-testimonial-image-intrisic\"><div class=\"kt-testimonial-image\" style=\"background-image: url(https:\/\/www.oeda.eu\/wp-content\/uploads\/2020\/09\/PTAK.jpg);background-size: Contain;\"><\/div><\/div><\/div><\/div><div class=\"kt-testimonial-title-wrap\"><h4 class=\"kt-testimonial-title\">Leutnant i.TR.<br>Christoph Ptak<\/h4><\/div><div class=\"kt-testimonial-content-wrap\"><div class=\"kt-testimonial-content\">Senatsmitglied (Archiv)<\/div><\/div><\/div><div class=\"kt-testimonial-meta-wrap\"><div class=\"kt-testimonial-meta-name-wrap\"><div class=\"kt-testimonial-name-wrap\"><div class=\"kt-testimonial-name\">* * *<\/div><\/div><div class=\"kt-testimonial-occupation-wrap\"><div class=\"kt-testimonial-occupation\">Austria<\/div><\/div><\/div><\/div><\/div>\n\n<div class=\"kt-testimonial-item-wrap kt-testimonial-item-_652a13-8a wp-block-kadence-testimonial\"><div class=\"kt-testimonial-text-wrap\"><div class=\"kt-testimonial-media-wrap\"><div class=\"kt-testimonial-media-inner-wrap\"><div class=\"kadence-testimonial-image-intrisic\"><div class=\"kt-testimonial-image\" style=\"background-image: url(https:\/\/www.oeda.eu\/wp-content\/uploads\/2020\/09\/T_TSATSOV.jpg);background-size: Contain;\"><\/div><\/div><\/div><\/div><div class=\"kt-testimonial-title-wrap\"><h4 class=\"kt-testimonial-title\">Oberst i.TR.<br>Tsoncho Tsatsov<\/h4><\/div><div class=\"kt-testimonial-content-wrap\"><div class=\"kt-testimonial-content\">Senatsmitglied<\/div><\/div><\/div><div class=\"kt-testimonial-meta-wrap\"><div class=\"kt-testimonial-meta-name-wrap\"><div class=\"kt-testimonial-name-wrap\"><div class=\"kt-testimonial-name\">* * *<\/div><\/div><div class=\"kt-testimonial-occupation-wrap\"><div class=\"kt-testimonial-occupation\">Bulgaria<\/div><\/div><\/div><\/div><\/div>\n\n<div class=\"kt-testimonial-item-wrap kt-testimonial-item-_a998fd-73 wp-block-kadence-testimonial\"><div class=\"kt-testimonial-text-wrap\"><div class=\"kt-testimonial-media-wrap\"><div class=\"kt-testimonial-media-inner-wrap\"><div class=\"kadence-testimonial-image-intrisic\"><div class=\"kt-testimonial-image\" style=\"background-image: url(https:\/\/www.oeda.eu\/wp-content\/uploads\/2020\/09\/PIRALKOV.jpg);background-size: Contain;\"><\/div><\/div><\/div><\/div><div class=\"kt-testimonial-title-wrap\"><h4 class=\"kt-testimonial-title\">Oberstabswachtmeister i.TR.<br> Miroslaw D. Piralkov<\/h4><\/div><div class=\"kt-testimonial-content-wrap\"><div class=\"kt-testimonial-content\">Senatsmitglied<\/div><\/div><\/div><div class=\"kt-testimonial-meta-wrap\"><div class=\"kt-testimonial-meta-name-wrap\"><div class=\"kt-testimonial-name-wrap\"><div class=\"kt-testimonial-name\">* * *<\/div><\/div><div class=\"kt-testimonial-occupation-wrap\"><div class=\"kt-testimonial-occupation\">Bulgaria<\/div><\/div><\/div><\/div><\/div>\n\n<div class=\"kt-testimonial-item-wrap kt-testimonial-item-_23208f-68 wp-block-kadence-testimonial\"><div class=\"kt-testimonial-text-wrap\"><div class=\"kt-testimonial-media-wrap\"><div class=\"kt-testimonial-media-inner-wrap\"><div class=\"kadence-testimonial-image-intrisic\"><div class=\"kt-testimonial-image\" style=\"background-image: url(https:\/\/www.oeda.eu\/wp-content\/uploads\/2020\/09\/MANTOVANI.jpg);background-size: Contain;\"><\/div><\/div><\/div><\/div><div class=\"kt-testimonial-title-wrap\"><h4 class=\"kt-testimonial-title\">Generalkommandant<br>Dr. Claudio Mantovani<\/h4><\/div><div class=\"kt-testimonial-content-wrap\"><div class=\"kt-testimonial-content\">Senatsmitglied<\/div><\/div><\/div><div class=\"kt-testimonial-meta-wrap\"><div class=\"kt-testimonial-meta-name-wrap\"><div class=\"kt-testimonial-name-wrap\"><div class=\"kt-testimonial-name\">* * *<\/div><\/div><div class=\"kt-testimonial-occupation-wrap\"><div class=\"kt-testimonial-occupation\">Italien<\/div><\/div><\/div><\/div><\/div>\n\n<div class=\"kt-testimonial-item-wrap kt-testimonial-item-_1f692a-62 wp-block-kadence-testimonial\"><div class=\"kt-testimonial-text-wrap\"><div class=\"kt-testimonial-media-wrap\"><div class=\"kt-testimonial-media-inner-wrap\"><div class=\"kadence-testimonial-image-intrisic\"><div class=\"kt-testimonial-image\" style=\"background-image: url(https:\/\/www.oeda.eu\/wp-content\/uploads\/2020\/11\/GillianPortrait.png);background-size: Contain;\"><\/div><\/div><\/div><\/div><div class=\"kt-testimonial-title-wrap\"><h4 class=\"kt-testimonial-title\"><br>Gillian M. A. Pratt-Eberl<\/h4><\/div><div class=\"kt-testimonial-content-wrap\"><div class=\"kt-testimonial-content\">\u00dcbersetzerin Englisch<\/div><\/div><\/div><div class=\"kt-testimonial-meta-wrap\"><div class=\"kt-testimonial-meta-name-wrap\"><div class=\"kt-testimonial-name-wrap\"><div class=\"kt-testimonial-name\">* * *<\/div><\/div><div class=\"kt-testimonial-occupation-wrap\"><div class=\"kt-testimonial-occupation\">Austria<\/div><\/div><\/div><\/div><\/div>\n\n<div class=\"kt-testimonial-item-wrap kt-testimonial-item-_f24e79-9e wp-block-kadence-testimonial\"><div class=\"kt-testimonial-text-wrap\"><div class=\"kt-testimonial-media-wrap\"><div class=\"kt-testimonial-media-inner-wrap\"><div class=\"kadence-testimonial-image-intrisic\"><div class=\"kt-testimonial-image\" style=\"background-image: url(https:\/\/www.oeda.eu\/wp-content\/uploads\/2020\/09\/Buch-e1605034846933.png);background-size: Contain;\"><\/div><\/div><\/div><\/div><div class=\"kt-testimonial-title-wrap\"><h4 class=\"kt-testimonial-title\"><br>derzeit unbesetzt <\/h4><\/div><div class=\"kt-testimonial-content-wrap\"><div class=\"kt-testimonial-content\">IT-Beauftragte<\/div><\/div><\/div><div class=\"kt-testimonial-meta-wrap\"><div class=\"kt-testimonial-meta-name-wrap\"><div class=\"kt-testimonial-name-wrap\"><div class=\"kt-testimonial-name\">* * *<\/div><\/div><div class=\"kt-testimonial-occupation-wrap\"><div class=\"kt-testimonial-occupation\">Austria<\/div><\/div><\/div><\/div><\/div>\n<\/div><\/div>","protected":false},"excerpt":{"rendered":"<p>Unsere Mitglieder<\/p>","protected":false},"author":1,"featured_media":0,"parent":0,"menu_order":0,"comment_status":"closed","ping_status":"closed","template":"starterblocks_contained","meta":{"_coblocks_attr":"","_coblocks_dimensions":"{\"coblocks-hero-810215847123\":{\"padding\":{}}}","_coblocks_responsive_height":"","_coblocks_accordion_ie_support":"","_kadence_starter_templates_imported_post":false,"_kad_post_transparent":"","_kad_post_title":"","_kad_post_layout":"fullwidth","_kad_post_sidebar_id":"","_kad_post_content_style":"boxed","_kad_post_vertical_padding":"default","_kad_post_feature":"default","_kad_post_feature_position":"above","_kad_post_header":false,"_kad_post_footer":false,"footnotes":""},"class_list":["post-29","page","type-page","status-publish","hentry"],"featured_image_urls":{"full":"","thumbnail":"","medium":"","medium_large":"","large":"","1536x1536":"","2048x2048":"","trp-custom-language-flag":"","ab-block-post-grid-landscape":"","ab-block-post-grid-square":""},"post_excerpt_stackable":"<p>Unsere Mitglieder Generalmajor i.TR.Helmut A. J. EberlPr\u00e4sident* * *\u00d6sterreich Generalmajor i.TR.Martin H. WiegandEhrenpr\u00e4sident* * *Deutschland Oberst i.TR.Wolfgang WeberGesch\u00e4ftsf\u00fchrender Vizepr\u00e4sident und Senatsmitglied (Organisation)* * *\u00d6sterreich Leutnant i.TR.Christoph PtakSenatsmitglied (Archiv)* * *\u00d6sterreich Oberst i.TR.Tsoncho TsatsovSenatsmitglied* * *Bulgarien Oberstabswachtmeister i.TR. Miroslaw D. PiralkovSenatsmitglied* * *Bulgarien GeneralkommandantDr. Claudio MantovaniSenatsmitglied* * *Italien Gillian M. A. Pratt-Eberl\u00dcbersetzerin Englisch* * *\u00d6sterreich derzeit unbesetzt IT-Beauftragte* * *\u00d6sterreich<\/p>\n","category_list":"","author_info":{"name":"oeda","url":"https:\/\/www.oeda.eu\/en\/author\/oeda\/"},"comments_num":"0 comments","featured_image_urls_v2":{"full":"","thumbnail":"","medium":"","medium_large":"","large":"","1536x1536":"","2048x2048":"","trp-custom-language-flag":"","ab-block-post-grid-landscape":"","ab-block-post-grid-square":""},"post_excerpt_stackable_v2":"<p>Unsere Mitglieder Generalmajor i.TR.Helmut A. J. EberlPr\u00e4sident* * *\u00d6sterreich Generalmajor i.TR.Martin H. WiegandEhrenpr\u00e4sident* * *Deutschland Oberst i.TR.Wolfgang WeberGesch\u00e4ftsf\u00fchrender Vizepr\u00e4sident und Senatsmitglied (Organisation)* * *\u00d6sterreich Leutnant i.TR.Christoph PtakSenatsmitglied (Archiv)* * *\u00d6sterreich Oberst i.TR.Tsoncho TsatsovSenatsmitglied* * *Bulgarien Oberstabswachtmeister i.TR. Miroslaw D. PiralkovSenatsmitglied* * *Bulgarien GeneralkommandantDr. Claudio MantovaniSenatsmitglied* * *Italien Gillian M. A. Pratt-Eberl\u00dcbersetzerin Englisch* * *\u00d6sterreich derzeit unbesetzt IT-Beauftragte* * *\u00d6sterreich<\/p>\n","category_list_v2":"","author_info_v2":{"name":"oeda","url":"https:\/\/www.oeda.eu\/en\/author\/oeda\/"},"comments_num_v2":"0 comments","featured_image_src":null,"featured_image_src_square":null,"_links":{"self":[{"href":"https:\/\/www.oeda.eu\/en\/wp-json\/wp\/v2\/pages\/29","targetHints":{"allow":["GET"]}}],"collection":[{"href":"https:\/\/www.oeda.eu\/en\/wp-json\/wp\/v2\/pages"}],"about":[{"href":"https:\/\/www.oeda.eu\/en\/wp-json\/wp\/v2\/types\/page"}],"author":[{"embeddable":true,"href":"https:\/\/www.oeda.eu\/en\/wp-json\/wp\/v2\/users\/1"}],"replies":[{"embeddable":true,"href":"https:\/\/www.oeda.eu\/en\/wp-json\/wp\/v2\/comments?post=29"}],"version-history":[{"count":58,"href":"https:\/\/www.oeda.eu\/en\/wp-json\/wp\/v2\/pages\/29\/revisions"}],"predecessor-version":[{"id":1538,"href":"https:\/\/www.oeda.eu\/en\/wp-json\/wp\/v2\/pages\/29\/revisions\/1538"}],"wp:attachment":[{"href":"https:\/\/www.oeda.eu\/en\/wp-json\/wp\/v2\/media?parent=29"}],"curies":[{"name":"wp","href":"https:\/\/api.w.org\/{rel}","templated":true}]}}